{"id":194,"date":"2016-12-19T16:26:14","date_gmt":"2016-12-19T14:26:14","guid":{"rendered":"http:\/\/www.unfugtheater.de\/Maus\/?page_id=194"},"modified":"2023-04-19T21:29:03","modified_gmt":"2023-04-19T19:29:03","slug":"das-unfugtheater","status":"publish","type":"page","link":"https:\/\/www.unfugtheater.de\/","title":{"rendered":"Das UNFUGTHEATER"},"content":{"rendered":"<p>\u00a0<\/p>\n<p style=\"text-align: center;\">\u201eDie kreative Vielfalt der beiden Darstellerinnen, sowie ihr Ideenreichtum digitale Medien einzusetzen, ist wirklich herausragend.&#8220;<br \/><strong>Zitat Christoph Schwarz<\/strong><br \/>(F\u00f6rderer von Kunst und Kultur, des Kulturreferates M\u00fcnchen):<\/p>\n<p>\u00a0<\/p>\n<p style=\"text-align: center;\"><iframe loading=\"lazy\" src=\"https:\/\/player.vimeo.com\/video\/391014506\" width=\"640\" height=\"360\" frameborder=\"0\" allowfullscreen=\"allowfullscreen\"><\/iframe><\/p>\n<p><strong>Hier ein kleiner musikalischer Vorgeschmack unserer Liederreise:<\/strong><\/p>\n<!--[if lt IE 9]><script>document.createElement('audio');<\/script><![endif]-->\n<audio class=\"wp-audio-shortcode\" id=\"audio-194-1\" preload=\"none\" style=\"width: 100%;\" controls=\"controls\"><source type=\"audio\/mpeg\" src=\"http:\/\/www.unfugtheater.de\/wp-content\/uploads\/2019\/09\/DEMO-Liederkarusell-05.06.19-17.55.mp3?_=1\" \/><a href=\"http:\/\/www.unfugtheater.de\/wp-content\/uploads\/2019\/09\/DEMO-Liederkarusell-05.06.19-17.55.mp3\">http:\/\/www.unfugtheater.de\/wp-content\/uploads\/2019\/09\/DEMO-Liederkarusell-05.06.19-17.55.mp3<\/a><\/audio>\n<p><a href=\"http:\/\/www.unfugtheater.de\/wp-content\/uploads\/2019\/09\/Liederreise-Ank\u00fcndigung-Klein.pdf\">PDF zur Liederreise<\/a><\/p>\n<p><a href=\"http:\/\/www.unfugtheater.de\/wp-content\/uploads\/2019\/06\/02-Referenz-KWA.pdf\">Referenz eine Liederreise nach Italien<\/a><\/p>\n<p><a href=\"http:\/\/www.unfugtheater.de\/wp-content\/uploads\/2019\/06\/02Referenz-Nachbarschaftshilfe.pdf\">Nachbarschaftshilfe Baldham<\/a><\/p>\n<div align=\"center\">\n<p align=\"left\"><span class=\"ds14\"><b><span style=\"font-family: serif; font-size: medium;\">Aktuelles :<br \/><\/span><\/b><\/span>Das <span style=\"color: red;\">UNFUGTHEATER INKLUSIV, <\/span>hat sich das Thema <span style=\"color: red;\">INKLUSION<\/span> zur Zielsetzung gemacht. In einer Zeit, in der es in unserer Gesellschaft immer mehr Randgruppen gibt, erscheint uns dieser Schwerpunkt von gro\u00dfer Bedeutung!<br \/>Unser neues Programm: &#8222;Eine Liederreise nach Italien&#8220; ist durch seine musikalische Aufbereitung sehr ansprechend, gerade f\u00fcr Menschen mit Einschr\u00e4nkungen jeglicher Art (sprachliche, soziale und geistige Einschr\u00e4nkungen). Durch den partizipativen Ansatz werden unsere Zuschauer zu aktiven Teilnehmern eines kreativen Prozesses. Am Ende unserer gemeinsamen Reise nach Italien sind die Grenzen zwischen B\u00fchne und Publikum aufgehoben. Durch Lachen, Singen und Spielen verschwindet die Einsamkeit des Einzelnen. Eingebunden in eine Gruppe erleben unsere Zuschauer jeder Randgruppe, die m\u00e4rchenhafte Reise von Tini und Ottilie gemeinsam und erfahren dadurch akzeptiert und angenommen zu werden. Die Dauer des St\u00fcckes betr\u00e4gt f\u00fcnfzig Minuten.<\/p>\n<p align=\"left\"><a href=\"http:\/\/www.unfugtheater.de\/wp-content\/uploads\/2016\/12\/applaus.png\"><img loading=\"lazy\" decoding=\"async\" class=\"size-medium wp-image-231 aligncenter\" src=\"http:\/\/www.unfugtheater.de\/wp-content\/uploads\/2016\/12\/applaus-300x212.png\" alt=\"\" width=\"300\" height=\"212\" \/><\/a><\/p>\n<p align=\"left\"><span style=\"color: red;\">Zielgruppen<\/span>:<br \/>Zugewanderte,\u00a0 Senioren, Altersheime und Altenzentren, Demenzkranke und Gnerationsh\u00e4user<\/p>\n<p align=\"left\"><a href=\"http:\/\/www.buerstaedter-zeitung.de\/lokales\/buerstadt\/den-boesewichten-des-waldes-auf-der-spur_16180951.htm\" target=\"_blank\" rel=\"noopener noreferrer\">Kritik B\u00fcrst\u00e4dter Zeitung<\/a><br \/><a href=\"http:\/\/www.morgenweb.de\/region\/sudhessen-morgen\/burstadt\/leinwand-ubernimmt-tragende-rolle-1.2440781\" target=\"_blank\" rel=\"noopener noreferrer\">Kritik S\u00fcdhessen Morgen<\/a><br \/>Zeitungsinterview <span class=\"ds14\"><a href=\"http:\/\/www.unfugtheater.de\/bilder_fuer_internetseite\/pdf\/BildAmSonntag.jpg\" target=\"_blank\" rel=\"noopener noreferrer\">Bild am Sonntag<\/a><\/span><br \/>Zeitungsinterview <a href=\"http:\/\/www.unfugtheater.de\/bilder_fuer_internetseite\/pdf\/Laura_Presse.jpg\" target=\"_blank\" rel=\"noopener noreferrer\"><span class=\"ds14\">Laura<\/span><\/a><\/p>\n<p style=\"text-align: left;\"><span class=\"ds14\"><strong>Projektf\u00f6rderungen:<\/strong><\/span><\/p>\n<p style=\"text-align: left;\"><span class=\"ds14\">&#8222;Liederreise nach Italien&#8220;- Hofkonzerte w\u00e4hrend der Corona-Zeit f\u00fcr 10 Seniorenheimen in M\u00fcnchen<br \/>(gef\u00f6rdert von der\u00a0 DONNER &amp; REUSCHEL Aktiengesellschaft)<\/span><\/p>\n<p style=\"text-align: left;\"><span class=\"ds14\">&#8222;Klingende Liederpost&#8220; eine CD Produktion<br \/><\/span><span class=\"ds14\">aus unserem Programm f\u00fcr Senioren w\u00e4hrend der Coronazeit<br \/>(gef\u00f6rdert von der &#8222;Clarissa und Michael K\u00e4fer Stiftung und<br \/>Deva Premal und Miten<\/span><span class=\"ds14\">)<\/span><\/p>\n<p style=\"text-align: left;\"><a href=\"http:\/\/www.unfugtheater.de\/wp-content\/uploads\/2020\/05\/DEVAMITEN.png\"><img loading=\"lazy\" decoding=\"async\" class=\"wp-image-561 aligncenter\" src=\"http:\/\/www.unfugtheater.de\/wp-content\/uploads\/2020\/05\/DEVAMITEN-300x216.png\" alt=\"\" width=\"278\" height=\"200\" srcset=\"https:\/\/www.unfugtheater.de\/wp-content\/uploads\/2020\/05\/DEVAMITEN-300x216.png 300w, https:\/\/www.unfugtheater.de\/wp-content\/uploads\/2020\/05\/DEVAMITEN-768x552.png 768w, https:\/\/www.unfugtheater.de\/wp-content\/uploads\/2020\/05\/DEVAMITEN-624x448.png 624w, https:\/\/www.unfugtheater.de\/wp-content\/uploads\/2020\/05\/DEVAMITEN.png 835w\" sizes=\"auto, (max-width: 278px) 100vw, 278px\" \/><\/a><\/p>\n<p style=\"text-align: left;\"><span class=\"ds14\">&#8222;Liederreise nach Italien&#8220; 3 Auff\u00fchrungen in Seniorenheimen<br \/>(gef\u00f6rdert von der &#8222;Clarissa und Michael K\u00e4fer Stiftung)<\/span><\/p>\n<p style=\"text-align: left;\">\u201eH\u00e4nsel &amp; Gretel im M\u00e4rchenwald der Gebr\u00fcder Grimm\u201c <br \/>Deb\u00fctf\u00f6rderung durch das Kulturreferat M\u00fcnchen,<br \/>der &#8222;ICHLIEBEDICH.STIFTUNG&#8220; (Andrea Lindau)<br \/>und The EAGLES Charity Golf Club e.V.<br \/>Ein St\u00fcck von 3 &#8211; bis 99Jahren!\u201c<\/p>\n<p align=\"left\"><strong>F\u00f6rdermittel f\u00fcr das Kooperationsprojekt zum Thema \u201cNeue Medien und Internet\u201c durch <span class=\"ds14\">SIN das Studio im Netz:<\/span><\/strong><br \/>2010 \u201e<a title=\"BLOG\u00a0FROG\" href=\"http:\/\/www.kooperationsprojekte-muc.de\/blog-frog-oder-wie-man-den-computer-wachkusst\/\" target=\"_blank\" rel=\"noopener noreferrer\">BLOG-FROG oder wie man den Computer wachk\u00fcsst<\/a>\u201c<br \/>2011 <a href=\"http:\/\/www.kooperationsprojekte-muc.de\/the-handyman-can-oder-wie-ein-handy-schlag-einen-sturm-entfachen-kann\/\">\u201eWas ich schon immer sagen wollte, oder wie ein Handyschlag<\/a><br \/>die Welt ver\u00e4ndern kann\u201c<br \/>2013\u00a0&#8220; Aufkl\u00e4rung- ein Mausklick entfernt!&#8220;<br \/>2014\u00a0 <a href=\"http:\/\/www.kooperationsprojekte-muc.de\/yes-we-can\/\">&#8222;Yes You Can&#8220; &#8211; &#8222;Who is watching\u00a0 \u00a0you?&#8220;<\/a><br \/>2014 &#8222;<a title=\"DIGITAL\u00a0SCHOOL\" href=\"http:\/\/www.kooperationsprojekte-muc.de\/digital-school-meine-vision-einer-schule-von-morgen\/\" target=\"_blank\" rel=\"noopener noreferrer\">Digital School &#8211; Schule von Morgen<\/a>&#8222;<br \/>2015 <a href=\"http:\/\/www.kooperationsprojekte-muc.de\/next-step-creative-app\/\">&#8222;Next Step Creative-App&#8220;<\/a><br \/>2016 <a href=\"http:\/\/www.kooperationsprojekte-muc.de\/wahrsagen-fuer-jedermann-google-sei-dank\/\">&#8222;Wahrsagen f\u00fcr Jedermann&#8220; &#8211; Google sei Dank!<br \/><\/a><a href=\"http:\/\/www.unfugtheater.de\/wp-content\/uploads\/2016\/12\/Workshop_Referenz_Wahrsagen_GoogleSeiDank.pdf\">Workshop_Referenz_Wahrsagen_Google sei Dank<br \/><\/a>2018 <a href=\"https:\/\/www.kooperationsprojekte-muc.de\/digital-detox-oder-warum-eine-internetdiaet-auch-nichts-bringt\/\">&#8222;Digital &#8211; Detox&#8220;<\/a><br \/><a href=\"https:\/\/www.kooperationsprojekte-muc.de\/wp-admin\/post.php?post=3575&amp;action=edit\">2020 &#8222;\u201eUnendliche Medienwelten\u2026am Anfang war\u2026.\u201c<\/a><br \/><a href=\"https:\/\/www.kooperationsprojekte-muc.de\/wp-admin\/post.php?post=3885&amp;action=edit\">2021 &#8222;Corona-Fake oder Fakt?&#8220;<\/a><br \/><a href=\"https:\/\/www.kooperationsprojekte-muc.de\/wp-admin\/post.php?post=7648&amp;action=edit\" data-wplink-edit=\"true\">2022 &#8222;Gemeinsam Einsam-Rebellen der Zukunft&#8220;<\/a><br \/><a href=\"https:\/\/www.kooperationsprojekte-muc.de\/wp-admin\/post.php?post=10790&amp;action=edit\">2023 &#8222;Eine Welt in Emojis &#8211; eine Geschichte ohne Worte&#8220;<\/a><\/p>\n<p align=\"left\"><strong><span class=\"ds15\"><span style=\"font-size: medium;\">EMC-Publishing <\/span><\/span><span class=\"ds14\">2013-2023<\/span><\/strong><br \/>Sprachlehrfilme f\u00fcr Teenager f\u00fcr Deutsch und Franz\u00f6sisch im Internet.<br \/>Die Produktion umfasst gespielte Videos mit Jugendlichen, Kurzfilme mit Teenager als Moderatoren \u00fcber St\u00e4dte Deutschlands, Gesangsaufnahmen zum Anh\u00f6ren und Nachsingen,<br \/>sowie w\u00f6chentliche Nachrichten f\u00fcr Jugendliche.<br \/><span class=\"ds13\">weitere Unterst\u00fctzung erhielten wir<\/span>\u00a0<span class=\"ds13\">von :<\/span><\/p>\n<\/div>\n<div align=\"center\">\n<p style=\"padding-left: 40px;\" align=\"left\"><span class=\"ds13\"><a href=\"http:\/\/www.unfugtheater.de\/wp-content\/uploads\/2017\/02\/k.jpg\"><img loading=\"lazy\" decoding=\"async\" class=\"wp-image-370 alignleft\" src=\"http:\/\/www.unfugtheater.de\/wp-content\/uploads\/2017\/02\/k-300x153.jpg\" alt=\"\" width=\"288\" height=\"147\" srcset=\"https:\/\/www.unfugtheater.de\/wp-content\/uploads\/2017\/02\/k-300x153.jpg 300w, https:\/\/www.unfugtheater.de\/wp-content\/uploads\/2017\/02\/k.jpg 500w\" sizes=\"auto, (max-width: 288px) 100vw, 288px\" \/><\/a><br \/><\/span><\/p>\n<\/div>\n\n\n<figure class=\"wp-block-image size-large is-resized\"><img decoding=\"async\" src=\"http:\/\/www.unfugtheater.de\/wp-content\/uploads\/2020\/05\/OM.png\" alt=\"\" class=\"wp-image-580\" width=\"-185\" height=\"-187\"\/><figcaption class=\"wp-element-caption\"><img loading=\"lazy\" decoding=\"async\" width=\"150\" height=\"17\" class=\"wp-image-584\" style=\"width: 150px;\" src=\"http:\/\/www.unfugtheater.de\/wp-content\/uploads\/2020\/05\/Bildschirmfoto-2020-05-16-um-16.11.46.png\" alt=\"\"><\/figcaption><\/figure>\n\n\n\n<p><\/p>\n\n\n\n<figure class=\"wp-block-image size-full is-resized\"><a href=\"https:\/\/www.unfugtheater.de\/wp-content\/uploads\/2023\/04\/Bildschirmfoto-2023-04-19-um-21.23.33.png\"><img loading=\"lazy\" decoding=\"async\" src=\"https:\/\/www.unfugtheater.de\/wp-content\/uploads\/2023\/04\/Bildschirmfoto-2023-04-19-um-21.23.33.png\" alt=\"\" class=\"wp-image-702\" width=\"129\" height=\"128\" srcset=\"https:\/\/www.unfugtheater.de\/wp-content\/uploads\/2023\/04\/Bildschirmfoto-2023-04-19-um-21.23.33.png 555w, https:\/\/www.unfugtheater.de\/wp-content\/uploads\/2023\/04\/Bildschirmfoto-2023-04-19-um-21.23.33-300x298.png 300w, https:\/\/www.unfugtheater.de\/wp-content\/uploads\/2023\/04\/Bildschirmfoto-2023-04-19-um-21.23.33-150x150.png 150w\" sizes=\"auto, (max-width: 129px) 100vw, 129px\" \/><\/a><\/figure>\n\n\n\n<p><\/p>\n","protected":false},"excerpt":{"rendered":"<p>\u00a0 \u201eDie kreative Vielfalt der beiden Darstellerinnen, sowie ihr Ideenreichtum digitale Medien einzusetzen, ist wirklich herausragend.&#8220;Zitat Christoph Schwarz(F\u00f6rderer von Kunst und Kultur, des Kulturreferates M\u00fcnchen): \u00a0 Hier ein kleiner musikalischer Vorgeschmack unserer Liederreise: PDF zur Liederreise Referenz eine Liederreise nach Italien Nachbarschaftshilfe Baldham Aktuelles :Das UNFUGTHEATER INKLUSIV, hat sich das Thema INKLUSION zur Zielsetzung gemacht. [&hellip;]<\/p>\n","protected":false},"author":1,"featured_media":0,"parent":0,"menu_order":0,"comment_status":"closed","ping_status":"closed","template":"","meta":{"footnotes":""},"class_list":["post-194","page","type-page","status-publish","hentry"],"_links":{"self":[{"href":"https:\/\/www.unfugtheater.de\/index.php?rest_route=\/wp\/v2\/pages\/194","targetHints":{"allow":["GET"]}}],"collection":[{"href":"https:\/\/www.unfugtheater.de\/index.php?rest_route=\/wp\/v2\/pages"}],"about":[{"href":"https:\/\/www.unfugtheater.de\/index.php?rest_route=\/wp\/v2\/types\/page"}],"author":[{"embeddable":true,"href":"https:\/\/www.unfugtheater.de\/index.php?rest_route=\/wp\/v2\/users\/1"}],"replies":[{"embeddable":true,"href":"https:\/\/www.unfugtheater.de\/index.php?rest_route=%2Fwp%2Fv2%2Fcomments&post=194"}],"version-history":[{"count":52,"href":"https:\/\/www.unfugtheater.de\/index.php?rest_route=\/wp\/v2\/pages\/194\/revisions"}],"predecessor-version":[{"id":704,"href":"https:\/\/www.unfugtheater.de\/index.php?rest_route=\/wp\/v2\/pages\/194\/revisions\/704"}],"wp:attachment":[{"href":"https:\/\/www.unfugtheater.de\/index.php?rest_route=%2Fwp%2Fv2%2Fmedia&parent=194"}],"curies":[{"name":"wp","href":"https:\/\/api.w.org\/{rel}","templated":true}]}}