{"id":272,"date":"2017-02-06T16:20:31","date_gmt":"2017-02-06T14:20:31","guid":{"rendered":"http:\/\/www.unfugtheater.de\/?page_id=272"},"modified":"2018-06-08T15:54:23","modified_gmt":"2018-06-08T13:54:23","slug":"vorstellung-inklusiv","status":"publish","type":"page","link":"https:\/\/www.unfugtheater.de\/?page_id=272","title":{"rendered":"H\u00c4NSEL UND GRETEL INKLUSIV"},"content":{"rendered":"<p>Danke an unserer Unterst\u00fctzer des Projektes &#8222;Unfugtheater INKLUSIV&#8220;:<br \/>\nEAGELS\u00a0Charity Golfclub e.V.; Stadtsparkasse M\u00fcnchen; \u00a0Ich-liebe-dich-Stiftung; dem Seniorenbeirat M\u00fcnchen und Prof. Dr. Stephan Breidenbach, ohne die diese Vorstellungen nicht m\u00f6glich gewesen w\u00e4ren. Wir konnten vielen Menschen eine Freude bereiten, denen ein Theaterbesuch sonst nicht m\u00f6glich \u00a0gewesen w\u00e4re.<\/p>\n\n\t\t<style type=\"text\/css\">\n\t\t\t#gallery-1 {\n\t\t\t\tmargin: auto;\n\t\t\t}\n\t\t\t#gallery-1 .gallery-item {\n\t\t\t\tfloat: left;\n\t\t\t\tmargin-top: 10px;\n\t\t\t\ttext-align: center;\n\t\t\t\twidth: 33%;\n\t\t\t}\n\t\t\t#gallery-1 img {\n\t\t\t\tborder: 2px solid #cfcfcf;\n\t\t\t}\n\t\t\t#gallery-1 .gallery-caption {\n\t\t\t\tmargin-left: 0;\n\t\t\t}\n\t\t\t\/* see gallery_shortcode() in wp-includes\/media.php *\/\n\t\t<\/style>\n\t\t<div id='gallery-1' class='gallery galleryid-272 gallery-columns-3 gallery-size-thumbnail'><dl class='gallery-item'>\n\t\t\t<dt class='gallery-icon landscape'>\n\t\t\t\t<a href='https:\/\/www.unfugtheater.de\/?attachment_id=282'><img loading=\"lazy\" decoding=\"async\" width=\"150\" height=\"150\" src=\"https:\/\/www.unfugtheater.de\/wp-content\/uploads\/2017\/02\/20161216_154910-150x150.jpg\" class=\"attachment-thumbnail size-thumbnail\" alt=\"\" \/><\/a>\n\t\t\t<\/dt><\/dl><dl class='gallery-item'>\n\t\t\t<dt class='gallery-icon landscape'>\n\t\t\t\t<a href='https:\/\/www.unfugtheater.de\/?attachment_id=274'><img loading=\"lazy\" decoding=\"async\" width=\"150\" height=\"150\" src=\"https:\/\/www.unfugtheater.de\/wp-content\/uploads\/2017\/02\/20161216_144856-150x150.jpg\" class=\"attachment-thumbnail size-thumbnail\" alt=\"\" \/><\/a>\n\t\t\t<\/dt><\/dl><dl class='gallery-item'>\n\t\t\t<dt class='gallery-icon landscape'>\n\t\t\t\t<a href='https:\/\/www.unfugtheater.de\/?attachment_id=275'><img loading=\"lazy\" decoding=\"async\" width=\"150\" height=\"150\" src=\"https:\/\/www.unfugtheater.de\/wp-content\/uploads\/2017\/02\/20161216_145120-150x150.jpg\" class=\"attachment-thumbnail size-thumbnail\" alt=\"\" \/><\/a>\n\t\t\t<\/dt><\/dl><br style=\"clear: both\" \/><dl class='gallery-item'>\n\t\t\t<dt class='gallery-icon landscape'>\n\t\t\t\t<a href='https:\/\/www.unfugtheater.de\/?attachment_id=277'><img loading=\"lazy\" decoding=\"async\" width=\"150\" height=\"150\" src=\"https:\/\/www.unfugtheater.de\/wp-content\/uploads\/2017\/02\/20161216_151140-150x150.jpg\" class=\"attachment-thumbnail size-thumbnail\" alt=\"\" \/><\/a>\n\t\t\t<\/dt><\/dl><dl class='gallery-item'>\n\t\t\t<dt class='gallery-icon landscape'>\n\t\t\t\t<a href='https:\/\/www.unfugtheater.de\/?attachment_id=283'><img loading=\"lazy\" decoding=\"async\" width=\"150\" height=\"150\" src=\"https:\/\/www.unfugtheater.de\/wp-content\/uploads\/2017\/02\/20161216_164852-150x150.jpg\" class=\"attachment-thumbnail size-thumbnail\" alt=\"\" \/><\/a>\n\t\t\t<\/dt><\/dl><dl class='gallery-item'>\n\t\t\t<dt class='gallery-icon landscape'>\n\t\t\t\t<a href='https:\/\/www.unfugtheater.de\/?attachment_id=284'><img loading=\"lazy\" decoding=\"async\" width=\"150\" height=\"150\" src=\"https:\/\/www.unfugtheater.de\/wp-content\/uploads\/2017\/02\/20161216_164931-150x150.jpg\" class=\"attachment-thumbnail size-thumbnail\" alt=\"\" \/><\/a>\n\t\t\t<\/dt><\/dl><br style=\"clear: both\" \/><dl class='gallery-item'>\n\t\t\t<dt class='gallery-icon landscape'>\n\t\t\t\t<a href='https:\/\/www.unfugtheater.de\/?attachment_id=285'><img loading=\"lazy\" decoding=\"async\" width=\"150\" height=\"150\" src=\"https:\/\/www.unfugtheater.de\/wp-content\/uploads\/2017\/02\/20161216_165030-150x150.jpg\" class=\"attachment-thumbnail size-thumbnail\" alt=\"\" \/><\/a>\n\t\t\t<\/dt><\/dl><dl class='gallery-item'>\n\t\t\t<dt class='gallery-icon landscape'>\n\t\t\t\t<a href='https:\/\/www.unfugtheater.de\/?attachment_id=288'><img loading=\"lazy\" decoding=\"async\" width=\"150\" height=\"150\" src=\"https:\/\/www.unfugtheater.de\/wp-content\/uploads\/2017\/02\/20161216_165054-150x150.jpg\" class=\"attachment-thumbnail size-thumbnail\" alt=\"\" \/><\/a>\n\t\t\t<\/dt><\/dl><dl class='gallery-item'>\n\t\t\t<dt class='gallery-icon landscape'>\n\t\t\t\t<a href='https:\/\/www.unfugtheater.de\/?attachment_id=292'><img loading=\"lazy\" decoding=\"async\" width=\"150\" height=\"150\" src=\"https:\/\/www.unfugtheater.de\/wp-content\/uploads\/2017\/02\/20161216_165159-150x150.jpg\" class=\"attachment-thumbnail size-thumbnail\" alt=\"\" \/><\/a>\n\t\t\t<\/dt><\/dl><br style=\"clear: both\" \/><dl class='gallery-item'>\n\t\t\t<dt class='gallery-icon landscape'>\n\t\t\t\t<a href='https:\/\/www.unfugtheater.de\/?attachment_id=293'><img loading=\"lazy\" decoding=\"async\" width=\"150\" height=\"150\" src=\"https:\/\/www.unfugtheater.de\/wp-content\/uploads\/2017\/02\/20161216_165201-150x150.jpg\" class=\"attachment-thumbnail size-thumbnail\" alt=\"\" \/><\/a>\n\t\t\t<\/dt><\/dl><dl class='gallery-item'>\n\t\t\t<dt class='gallery-icon landscape'>\n\t\t\t\t<a href='https:\/\/www.unfugtheater.de\/?attachment_id=295'><img loading=\"lazy\" decoding=\"async\" width=\"150\" height=\"150\" src=\"https:\/\/www.unfugtheater.de\/wp-content\/uploads\/2017\/02\/20161216_165230-150x150.jpg\" class=\"attachment-thumbnail size-thumbnail\" alt=\"\" \/><\/a>\n\t\t\t<\/dt><\/dl><dl class='gallery-item'>\n\t\t\t<dt class='gallery-icon landscape'>\n\t\t\t\t<a href='https:\/\/www.unfugtheater.de\/?attachment_id=273'><img loading=\"lazy\" decoding=\"async\" width=\"150\" height=\"150\" src=\"https:\/\/www.unfugtheater.de\/wp-content\/uploads\/2017\/02\/20161215_095021-150x150.jpg\" class=\"attachment-thumbnail size-thumbnail\" alt=\"\" \/><\/a>\n\t\t\t<\/dt><\/dl><br style=\"clear: both\" \/><dl class='gallery-item'>\n\t\t\t<dt class='gallery-icon landscape'>\n\t\t\t\t<a href='https:\/\/www.unfugtheater.de\/?attachment_id=297'><img loading=\"lazy\" decoding=\"async\" width=\"150\" height=\"150\" src=\"https:\/\/www.unfugtheater.de\/wp-content\/uploads\/2017\/02\/20161216_165525-150x150.jpg\" class=\"attachment-thumbnail size-thumbnail\" alt=\"\" \/><\/a>\n\t\t\t<\/dt><\/dl><dl class='gallery-item'>\n\t\t\t<dt class='gallery-icon landscape'>\n\t\t\t\t<a href='https:\/\/www.unfugtheater.de\/?attachment_id=279'><img loading=\"lazy\" decoding=\"async\" width=\"150\" height=\"150\" src=\"https:\/\/www.unfugtheater.de\/wp-content\/uploads\/2017\/02\/20161216_153409-150x150.jpg\" class=\"attachment-thumbnail size-thumbnail\" alt=\"\" \/><\/a>\n\t\t\t<\/dt><\/dl><dl class='gallery-item'>\n\t\t\t<dt class='gallery-icon landscape'>\n\t\t\t\t<a href='https:\/\/www.unfugtheater.de\/?attachment_id=281'><img loading=\"lazy\" decoding=\"async\" width=\"150\" height=\"150\" src=\"https:\/\/www.unfugtheater.de\/wp-content\/uploads\/2017\/02\/20161216_153429-150x150.jpg\" class=\"attachment-thumbnail size-thumbnail\" alt=\"\" \/><\/a>\n\t\t\t<\/dt><\/dl><br style=\"clear: both\" \/><dl class='gallery-item'>\n\t\t\t<dt class='gallery-icon landscape'>\n\t\t\t\t<a href='https:\/\/www.unfugtheater.de\/?attachment_id=314'><img loading=\"lazy\" decoding=\"async\" width=\"150\" height=\"150\" src=\"https:\/\/www.unfugtheater.de\/wp-content\/uploads\/2017\/02\/IMG_0720-150x150.jpg\" class=\"attachment-thumbnail size-thumbnail\" alt=\"\" \/><\/a>\n\t\t\t<\/dt><\/dl><dl class='gallery-item'>\n\t\t\t<dt class='gallery-icon landscape'>\n\t\t\t\t<a href='https:\/\/www.unfugtheater.de\/?attachment_id=303'><img loading=\"lazy\" decoding=\"async\" width=\"150\" height=\"150\" src=\"https:\/\/www.unfugtheater.de\/wp-content\/uploads\/2017\/02\/IMG_0689-150x150.jpg\" class=\"attachment-thumbnail size-thumbnail\" alt=\"\" \/><\/a>\n\t\t\t<\/dt><\/dl><dl class='gallery-item'>\n\t\t\t<dt class='gallery-icon landscape'>\n\t\t\t\t<a href='https:\/\/www.unfugtheater.de\/?attachment_id=309'><img loading=\"lazy\" decoding=\"async\" width=\"150\" height=\"150\" src=\"https:\/\/www.unfugtheater.de\/wp-content\/uploads\/2017\/02\/IMG_0703-150x150.jpg\" class=\"attachment-thumbnail size-thumbnail\" alt=\"\" \/><\/a>\n\t\t\t<\/dt><\/dl><br style=\"clear: both\" \/><dl class='gallery-item'>\n\t\t\t<dt class='gallery-icon landscape'>\n\t\t\t\t<a href='https:\/\/www.unfugtheater.de\/?attachment_id=315'><img loading=\"lazy\" decoding=\"async\" width=\"150\" height=\"150\" src=\"https:\/\/www.unfugtheater.de\/wp-content\/uploads\/2017\/02\/IMG_0722-150x150.jpg\" class=\"attachment-thumbnail size-thumbnail\" alt=\"\" \/><\/a>\n\t\t\t<\/dt><\/dl><dl class='gallery-item'>\n\t\t\t<dt class='gallery-icon landscape'>\n\t\t\t\t<a href='https:\/\/www.unfugtheater.de\/?attachment_id=311'><img loading=\"lazy\" decoding=\"async\" width=\"150\" height=\"150\" src=\"https:\/\/www.unfugtheater.de\/wp-content\/uploads\/2017\/02\/IMG_0709-150x150.jpg\" class=\"attachment-thumbnail size-thumbnail\" alt=\"\" \/><\/a>\n\t\t\t<\/dt><\/dl><dl class='gallery-item'>\n\t\t\t<dt class='gallery-icon landscape'>\n\t\t\t\t<a href='https:\/\/www.unfugtheater.de\/?attachment_id=307'><img loading=\"lazy\" decoding=\"async\" width=\"150\" height=\"150\" src=\"https:\/\/www.unfugtheater.de\/wp-content\/uploads\/2017\/02\/IMG_0696-150x150.jpg\" class=\"attachment-thumbnail size-thumbnail\" alt=\"\" \/><\/a>\n\t\t\t<\/dt><\/dl><br style=\"clear: both\" \/><dl class='gallery-item'>\n\t\t\t<dt class='gallery-icon landscape'>\n\t\t\t\t<a href='https:\/\/www.unfugtheater.de\/?attachment_id=305'><img loading=\"lazy\" decoding=\"async\" width=\"150\" height=\"150\" src=\"https:\/\/www.unfugtheater.de\/wp-content\/uploads\/2017\/02\/IMG_0692-150x150.jpg\" class=\"attachment-thumbnail size-thumbnail\" alt=\"\" \/><\/a>\n\t\t\t<\/dt><\/dl><dl class='gallery-item'>\n\t\t\t<dt class='gallery-icon landscape'>\n\t\t\t\t<a href='https:\/\/www.unfugtheater.de\/?attachment_id=251'><img loading=\"lazy\" decoding=\"async\" width=\"150\" height=\"150\" src=\"https:\/\/www.unfugtheater.de\/wp-content\/uploads\/2016\/12\/20161216_165525-150x150.jpg\" class=\"attachment-thumbnail size-thumbnail\" alt=\"\" \/><\/a>\n\t\t\t<\/dt><\/dl><dl class='gallery-item'>\n\t\t\t<dt class='gallery-icon landscape'>\n\t\t\t\t<a href='https:\/\/www.unfugtheater.de\/?attachment_id=250'><img loading=\"lazy\" decoding=\"async\" width=\"150\" height=\"150\" src=\"https:\/\/www.unfugtheater.de\/wp-content\/uploads\/2016\/12\/20161216_165112-150x150.jpg\" class=\"attachment-thumbnail size-thumbnail\" alt=\"\" \/><\/a>\n\t\t\t<\/dt><\/dl><br style=\"clear: both\" \/><dl class='gallery-item'>\n\t\t\t<dt class='gallery-icon landscape'>\n\t\t\t\t<a href='https:\/\/www.unfugtheater.de\/?attachment_id=249'><img loading=\"lazy\" decoding=\"async\" width=\"150\" height=\"150\" src=\"https:\/\/www.unfugtheater.de\/wp-content\/uploads\/2016\/12\/20161216_165108-150x150.jpg\" class=\"attachment-thumbnail size-thumbnail\" alt=\"\" \/><\/a>\n\t\t\t<\/dt><\/dl>\n\t\t\t<br style='clear: both' \/>\n\t\t<\/div>\n\n<h1><span style=\"color: #ff0000;\"><a style=\"color: #ff0000;\" href=\"http:\/\/www.unfugtheater.de\/wp-content\/uploads\/2017\/02\/Referenz.pdf\">Referenz<\/a><\/span><\/h1>\n<p><a href=\"http:\/\/www.unfugtheater.de\/wp-content\/uploads\/2017\/02\/k.jpg\"><img loading=\"lazy\" decoding=\"async\" class=\"alignleft  wp-image-370\" src=\"http:\/\/www.unfugtheater.de\/wp-content\/uploads\/2017\/02\/k-300x153.jpg\" alt=\"\" width=\"191\" height=\"97\" srcset=\"https:\/\/www.unfugtheater.de\/wp-content\/uploads\/2017\/02\/k-300x153.jpg 300w, https:\/\/www.unfugtheater.de\/wp-content\/uploads\/2017\/02\/k.jpg 500w\" sizes=\"auto, (max-width: 191px) 100vw, 191px\" \/><\/a><\/p>\n<p><a href=\"http:\/\/www.unfugtheater.de\/wp-content\/uploads\/2017\/02\/Logos.jpg\"><img loading=\"lazy\" decoding=\"async\" class=\" wp-image-324 alignleft\" src=\"http:\/\/www.unfugtheater.de\/wp-content\/uploads\/2017\/02\/Logos-300x169.jpg\" alt=\"\" width=\"179\" height=\"101\" srcset=\"https:\/\/www.unfugtheater.de\/wp-content\/uploads\/2017\/02\/Logos-300x169.jpg 300w, https:\/\/www.unfugtheater.de\/wp-content\/uploads\/2017\/02\/Logos-768x432.jpg 768w, https:\/\/www.unfugtheater.de\/wp-content\/uploads\/2017\/02\/Logos-1024x576.jpg 1024w, https:\/\/www.unfugtheater.de\/wp-content\/uploads\/2017\/02\/Logos-624x351.jpg 624w, https:\/\/www.unfugtheater.de\/wp-content\/uploads\/2017\/02\/Logos.jpg 1366w\" sizes=\"auto, (max-width: 179px) 100vw, 179px\" \/><\/a><\/p>\n","protected":false},"excerpt":{"rendered":"<p>Danke an unserer Unterst\u00fctzer des Projektes &#8222;Unfugtheater INKLUSIV&#8220;: EAGELS\u00a0Charity Golfclub e.V.; Stadtsparkasse M\u00fcnchen; \u00a0Ich-liebe-dich-Stiftung; dem Seniorenbeirat M\u00fcnchen und Prof. Dr. Stephan Breidenbach, ohne die diese Vorstellungen nicht m\u00f6glich gewesen w\u00e4ren. Wir konnten vielen Menschen eine Freude bereiten, denen ein Theaterbesuch sonst nicht m\u00f6glich \u00a0gewesen w\u00e4re. Referenz<\/p>\n","protected":false},"author":1,"featured_media":0,"parent":0,"menu_order":0,"comment_status":"closed","ping_status":"closed","template":"","meta":{"footnotes":""},"class_list":["post-272","page","type-page","status-publish","hentry"],"_links":{"self":[{"href":"https:\/\/www.unfugtheater.de\/index.php?rest_route=\/wp\/v2\/pages\/272","targetHints":{"allow":["GET"]}}],"collection":[{"href":"https:\/\/www.unfugtheater.de\/index.php?rest_route=\/wp\/v2\/pages"}],"about":[{"href":"https:\/\/www.unfugtheater.de\/index.php?rest_route=\/wp\/v2\/types\/page"}],"author":[{"embeddable":true,"href":"https:\/\/www.unfugtheater.de\/index.php?rest_route=\/wp\/v2\/users\/1"}],"replies":[{"embeddable":true,"href":"https:\/\/www.unfugtheater.de\/index.php?rest_route=%2Fwp%2Fv2%2Fcomments&post=272"}],"version-history":[{"count":14,"href":"https:\/\/www.unfugtheater.de\/index.php?rest_route=\/wp\/v2\/pages\/272\/revisions"}],"predecessor-version":[{"id":374,"href":"https:\/\/www.unfugtheater.de\/index.php?rest_route=\/wp\/v2\/pages\/272\/revisions\/374"}],"wp:attachment":[{"href":"https:\/\/www.unfugtheater.de\/index.php?rest_route=%2Fwp%2Fv2%2Fmedia&parent=272"}],"curies":[{"name":"wp","href":"https:\/\/api.w.org\/{rel}","templated":true}]}}