{"id":587,"date":"2020-06-17T09:45:26","date_gmt":"2020-06-17T07:45:26","guid":{"rendered":"http:\/\/www.unfugtheater.de\/?page_id=587"},"modified":"2021-04-29T09:34:58","modified_gmt":"2021-04-29T07:34:58","slug":"eine-liederreise-nach-italien-kleines-hofkonzert","status":"publish","type":"page","link":"https:\/\/www.unfugtheater.de\/?page_id=587","title":{"rendered":"Eine Liederreise nach Italien &#8211; ein Hofkonzert!"},"content":{"rendered":"\n<p>&#8222;Alter macht nicht kindisch, wie man spricht, es findet uns nur noch als ware Kinder&#8220;. (Zitat Johann Wolfgang von Goethe &#8211; FAUST)<br><em><strong>ES GEHT UM DIE, F\u00dcR DIE ES K E I N MORGEN GIBT &#8211; <\/strong><br><strong>KEIN &#8222;NACH DER KRISE&#8220; &#8211; KEINE ZWEITE CHANCE ! <\/strong><\/em><br><strong>In dieser schweren Zeit, wollen wir Senioren eine <\/strong><br><strong>gefahrlose Freude bereiten. <\/strong><br><strong>Hofkonzerte mit Ferienspa\u00df in die 50er Jahre. <\/strong><br><strong>Eine kleine musikalische Abwechslung!<\/strong><\/p>\n\n\n\n<figure class=\"wp-block-image size-large\"><img loading=\"lazy\" decoding=\"async\" width=\"1024\" height=\"576\" src=\"http:\/\/www.unfugtheater.de\/wp-content\/uploads\/2020\/06\/WhatsApp-Image-2020-06-03-at-17.36.39-1024x576.jpeg\" alt=\"\" class=\"wp-image-593\" srcset=\"https:\/\/www.unfugtheater.de\/wp-content\/uploads\/2020\/06\/WhatsApp-Image-2020-06-03-at-17.36.39-1024x576.jpeg 1024w, https:\/\/www.unfugtheater.de\/wp-content\/uploads\/2020\/06\/WhatsApp-Image-2020-06-03-at-17.36.39-300x169.jpeg 300w, https:\/\/www.unfugtheater.de\/wp-content\/uploads\/2020\/06\/WhatsApp-Image-2020-06-03-at-17.36.39-768x432.jpeg 768w, https:\/\/www.unfugtheater.de\/wp-content\/uploads\/2020\/06\/WhatsApp-Image-2020-06-03-at-17.36.39-1536x864.jpeg 1536w, https:\/\/www.unfugtheater.de\/wp-content\/uploads\/2020\/06\/WhatsApp-Image-2020-06-03-at-17.36.39-624x351.jpeg 624w, https:\/\/www.unfugtheater.de\/wp-content\/uploads\/2020\/06\/WhatsApp-Image-2020-06-03-at-17.36.39.jpeg 1600w\" sizes=\"auto, (max-width: 1024px) 100vw, 1024px\" \/><\/figure>\n\n\n\n<p><br>Unsere &#8222;klingenden Liederpost&#8220; CD mit Schlagern aus unserem <br>Programm wurde sehr dankbar aufgenommen.&nbsp;<br>Jetzt wurden wir gebeten f\u00fcr die Bewohner der Heime&nbsp; <br>im Hof oder Garten live zu spielen.<\/p>\n\n\n\n<p><strong><em>Zu unserem Programm:<\/em><br><\/strong>Die Geschichte eines Schwesternpaares, \u201edas nach Italien reist, um dort den perfekten Mann zu finden\u201c, wurde von Claudia Porpaczy und Yvonne Hotz sehr flott und temperamentvoll dargestellt,-ihre Schauspiel- und Sangeskunst und die vorgetragenen alten Schlager <br>(von &#8222;Komm ein bi\u00dfchen mit nach Italien&#8220; bis zu &#8222;Heidi&#8220; ) <br>zum Mitsingen hielten das Publikum in Atem. <br>Die Zuh\u00f6rer lachten viel, \u201esp\u00e4hten\u201c umeinander herum, um auch <br>ja nichts vom Geschehen zu verpassen, sangen lustig mit, <br>klatschen und lachten sehr viel und versuchten,&nbsp;<br>die an die Wand geworfenen Schlagertexte exakt mit zu verfolgen. <br>Alle waren sehr beschwingt, wach und vergn\u00fcgt dabei und <br>genossen die einmalige Unfugtheater-Atmosph\u00e4re.&nbsp;<br>Zitat Frau Sch\u00f6nhofer des Seniorenheimes St. Josefsheim, M\u00fcnchen<\/p>\n\n\n\n<p>Angst schw\u00e4cht das Immunsystem!&nbsp;<br>Wir wollen mit einer kleinen Erheiterung den Menschen, die es am <br>meisten brauchen&nbsp; eine kleine Freude bereiten. Musik ber\u00fchrt&nbsp; <br>das Herz und sch\u00f6ne Geschichten bereichern die Seele.<\/p>\n\n\n\n<p><strong><em>REZESSIONEN 2020:<\/em><\/strong><br>Liebes Unfug Theater, <br>hiermit best\u00e4tigen wir euch noch einmal, dass ihr am 03.06.2020 um 15:00 Uhr im Seniorenheim Bethel M\u00fcnchen aufgetreten seid. <br>Vielen Dank f\u00fcr euren grandiosen Auftritt, es war lustig, kurzweilig und einfach sch\u00f6n. Ihr habt die Senioren, sowie die Mitarbeiter mitgerissen und in eine andere Welt entf\u00fchrt. <br>Das ist genau das, was alle in Zeiten wie Corona brauchen. <br>Nach dem Auftritt wollten die Bewohner gar nicht aufstehen, um in ihre Zimmer zu gehen, da es allen so gut gefallen hat. Auch einen Tag nach dem Auftritt ist der gestrige Nachmittag noch in aller Munde, es werden die Lieder gesummt und \u00fcber die skurrilen Schwestern gelacht. <br>Wir k\u00f6nnen euch uneingeschr\u00e4nkt weiter empfehlen und w\u00fcrden uns riesig freuen euch nochmal zuschauen zu d\u00fcrfen. <br>Steffi Schleicher &#8211; <strong>Leitung des Seniorenzentrum Bethel M\u00fcnchen gGmbH<\/strong><\/p>\n\n\n\n<p><strong>Das Unfugtheater war bei uns im Seniorenstift Neuhausen! <\/strong><br>Am 01.06.2020 hatten wir f\u00fcr eine Stunde das riesengro\u00dfe Vergn\u00fcgen die beiden K\u00fcnstlerinnen, Claudja und Yvonne, bzw. ihre Alter Egos Tini und Ottilie, auf ihrer Liederreise nach Italien begleiten zu d\u00fcrfen. <br>Es war eine durch und durch gelungene Vorstellung. <br>Mitten in unserem kleinen Park mit zwitschernden V\u00f6geln <br>und blauen Himmel und Sonnenschein. <br>Obwohl die wenigsten unserer Heimbewohner sehen konnten, <br>wie grandios das Outfit der beiden Italienreisenden war, <br>wurden sie doch alle durch die witzigen Dialoge <br>und die wunderbaren altbekannten Schlager mitgerissen. <br>Ein tolles Paar:<br>Sie haben uns Spa\u00df, Unterhaltung und gute Laune gebracht -und gro\u00dfe K\u00f6nnen bewiesen. Vielen herzlichen Dank im Namen unserer blinden und sehbeeintr\u00e4chtigten Bewohnerinnen und Bewohner &#8211; hoffentlich kommen sie bald wieder.  <br>Ihre U<strong>rsula Steindl Einrichtungsleitung Seniorenstift Neuhausen.<\/strong><\/p>\n\n\n\n<figure class=\"wp-block-embed-vimeo wp-block-embed is-type-video is-provider-vimeo wp-embed-aspect-16-9 wp-has-aspect-ratio\"><div class=\"wp-block-embed__wrapper\">\n<iframe loading=\"lazy\" title=\"Liederreise\" src=\"https:\/\/player.vimeo.com\/video\/391014506?dnt=1&amp;app_id=122963\" width=\"625\" height=\"352\" frameborder=\"0\" allow=\"autoplay; fullscreen; picture-in-picture; clipboard-write; encrypted-media\"><\/iframe>\n<\/div><\/figure>\n\n\n\n<p><\/p>\n","protected":false},"excerpt":{"rendered":"<p>&#8222;Alter macht nicht kindisch, wie man spricht, es findet uns nur noch als ware Kinder&#8220;. (Zitat Johann Wolfgang von Goethe &#8211; FAUST)ES GEHT UM DIE, F\u00dcR DIE ES K E I N MORGEN GIBT &#8211; KEIN &#8222;NACH DER KRISE&#8220; &#8211; KEINE ZWEITE CHANCE ! In dieser schweren Zeit, wollen wir Senioren eine gefahrlose Freude bereiten. [&hellip;]<\/p>\n","protected":false},"author":1,"featured_media":0,"parent":0,"menu_order":0,"comment_status":"closed","ping_status":"closed","template":"","meta":{"footnotes":""},"class_list":["post-587","page","type-page","status-publish","hentry"],"_links":{"self":[{"href":"https:\/\/www.unfugtheater.de\/index.php?rest_route=\/wp\/v2\/pages\/587","targetHints":{"allow":["GET"]}}],"collection":[{"href":"https:\/\/www.unfugtheater.de\/index.php?rest_route=\/wp\/v2\/pages"}],"about":[{"href":"https:\/\/www.unfugtheater.de\/index.php?rest_route=\/wp\/v2\/types\/page"}],"author":[{"embeddable":true,"href":"https:\/\/www.unfugtheater.de\/index.php?rest_route=\/wp\/v2\/users\/1"}],"replies":[{"embeddable":true,"href":"https:\/\/www.unfugtheater.de\/index.php?rest_route=%2Fwp%2Fv2%2Fcomments&post=587"}],"version-history":[{"count":33,"href":"https:\/\/www.unfugtheater.de\/index.php?rest_route=\/wp\/v2\/pages\/587\/revisions"}],"predecessor-version":[{"id":687,"href":"https:\/\/www.unfugtheater.de\/index.php?rest_route=\/wp\/v2\/pages\/587\/revisions\/687"}],"wp:attachment":[{"href":"https:\/\/www.unfugtheater.de\/index.php?rest_route=%2Fwp%2Fv2%2Fmedia&parent=587"}],"curies":[{"name":"wp","href":"https:\/\/api.w.org\/{rel}","templated":true}]}}